{"id":4312,"date":"2023-08-18T09:30:50","date_gmt":"2023-08-18T09:30:50","guid":{"rendered":"https:\/\/antikorrupsion.com\/?page_id=4312"},"modified":"2023-08-28T15:23:06","modified_gmt":"2023-08-28T15:23:06","slug":"historiku-i-ceshtjeve-shaash","status":"publish","type":"page","link":"https:\/\/antikorrupsion.com\/?page_id=4312","title":{"rendered":"Historiku i ceshtjeve SHAASH"},"content":{"rendered":"\t\t<div data-elementor-type=\"wp-page\" data-elementor-id=\"4312\" class=\"elementor elementor-4312\">\n\t\t\t\t<div class=\"elementor-element elementor-element-4e8c7f3 e-flex e-con-boxed e-con e-parent\" data-id=\"4e8c7f3\" data-element_type=\"container\" data-core-v316-plus=\"true\">\n\t\t\t\t\t<div class=\"e-con-inner\">\n\t\t\t\t<div class=\"elementor-element elementor-element-3f65989 elementor-widget elementor-widget-text-editor\" data-id=\"3f65989\" data-element_type=\"widget\" data-widget_type=\"text-editor.default\">\n\t\t\t\t<div class=\"elementor-widget-container\">\n\t\t\t<style>\/*! elementor - v3.20.0 - 13-03-2024 *\/\n.elementor-widget-text-editor.elementor-drop-cap-view-stacked .elementor-drop-cap{background-color:#69727d;color:#fff}.elementor-widget-text-editor.elementor-drop-cap-view-framed .elementor-drop-cap{color:#69727d;border:3px solid;background-color:transparent}.elementor-widget-text-editor:not(.elementor-drop-cap-view-default) .elementor-drop-cap{margin-top:8px}.elementor-widget-text-editor:not(.elementor-drop-cap-view-default) .elementor-drop-cap-letter{width:1em;height:1em}.elementor-widget-text-editor .elementor-drop-cap{float:left;text-align:center;line-height:1;font-size:50px}.elementor-widget-text-editor .elementor-drop-cap-letter{display:inline-block}<\/style>\t\t\t\t\t\t\t\t\t\t<\/div>\n\t\t\t\t<\/div>\n\t\t\t\t\t<\/div>\n\t\t\t\t<\/div>\n\t\t<div class=\"elementor-element elementor-element-5294673 e-flex e-con-boxed e-con e-parent\" data-id=\"5294673\" data-element_type=\"container\" data-core-v316-plus=\"true\">\n\t\t\t\t\t<div class=\"e-con-inner\">\n\t\t\t\t<div class=\"elementor-element elementor-element-dced03c elementor-widget elementor-widget-text-editor\" data-id=\"dced03c\" data-element_type=\"widget\" data-widget_type=\"text-editor.default\">\n\t\t\t\t<div class=\"elementor-widget-container\">\n\t\t\t\t\t\t\t<p><strong>HISTORIKU I SHOQAT\u00cbS<\/strong><\/p><ol><li><strong><em>N\u00eb vitin 2014<\/em><\/strong><em> korrupsioni n\u00eb gjyq\u00ebsor <\/em><\/li><li><strong><em>N\u00eb vitin 2014<\/em><\/strong><em> Evin Dervishi, rrugori q\u00eb I ka b\u00ebr\u00eb rrug\u00eb abuzimet <\/em><\/li><li><strong><em>N\u00eb vitin 2014<\/em><\/strong><em> Ejona Isufaj, kryemashtruesja nd\u00ebrkombetare q\u00eb theu recorded e falsifikimit n\u00eb tre shtete<\/em><\/li><li><strong><em>N\u00eb vitin 2014<\/em><\/strong><em> \u201chajdutet e thesarit shqiptar, nga Ahmet Zogu Enver Hoxha te Sali Berisha\u201d<\/em><\/li><li><strong><em>N\u00eb vitin 2014<\/em><\/strong><em> Sudja dhe Zana Konini dy kampionet e mashtrimit me parat\u00eb e kredive bankare<\/em><\/li><li><strong><em>N\u00eb vitin 2014<\/em><\/strong><em> \u201cmbas vizit\u00ebs s\u00eb Atit t\u00eb Shenjt\u00eb, pendohet ministrja e arsimit p\u00ebr mbylljen e 17 universiteteve<\/em><\/li><li><strong><em>N\u00eb vitin 2014<\/em><\/strong><em> P\u00ebrballet n\u00eb Kushtetuese maskarada qeveritare e mbylljes s\u00eb universiteteve<\/em><\/li><li><strong><em>N\u00eb vitin 2014<\/em><\/strong><em> Ministri Tahiri kopjon skem\u00ebn e Olldashit p\u00ebr mashtrimin dhe monopolin e shitjeve t\u00eb fiksave p\u00ebr shofer\u00ebt<\/em><\/li><li><strong><em>N\u00eb vitin 2014<\/em><\/strong><em> Qirio Spiro Kaso, ka ardhur koha q\u00eb ti t\u00eb rr\u00ebfehesh p\u00ebr m\u00ebkatet e tua!<\/em><\/li><li><strong><em>N\u00eb vitin 2014<\/em><\/strong><em> Vampir\u00ebt e sistemit t\u00eb Drejt\u00ebsis\u00eb k\u00ebrkojn\u00eb t\u00eb pijn\u00eb gjakun e burgosurit q\u00eb b\u00ebn dializ\u00eb<\/em><\/li><li><strong><em>N\u00eb vitin 2014<\/em><\/strong><em> Hajdut\u00ebt e politik\u00ebs po rrjepin treg\u00ebtar\u00ebt m\u00eb monopolin e kasave fiskale<\/em><\/li><li><strong><em>N\u00eb vitin 2014<\/em><\/strong><em> Prokurori Tasim Puci k\u00ebrkon kok\u00ebn e Elis Zhulatit<\/em><\/li><li><strong><em>N\u00eb vitin 2015<\/em><\/strong><em> Beu i Lushnjes tallet me shtetin e Edi Ram\u00ebs<\/em><\/li><li><strong><em>N\u00eb vitin 2015<\/em><\/strong><em> Prokuroria e Fierit dhe ALUIZNI, n\u00eb gar\u00eb p\u00ebr t\u00eb vjedhur pronat e banor\u00ebve<\/em><\/li><li><strong><em>N\u00eb vitin 2015<\/em><\/strong><em> Kryebashkiaku I Lushnjes, Fatos Tushe rrezikon burgun<\/em><\/li><li><strong><em>N\u00eb vitin 2015<\/em><\/strong><em> Mediat shqiptare n\u00eb tregun e g\u00ebnjeshtrave<\/em><\/li><li><strong><em>N\u00eb vitin 2015<\/em><\/strong><em> Miliardat e kompanis\u00eb \u201cAutomotiv\u201d k\u00ebrkojn\u00eb t\u00eb korruptojn\u00eb Drejt\u00ebsin\u00eb<\/em><\/li><li><strong><em>N\u00eb vitin 2015<\/em><\/strong><em> Ndrec Doda ishte n\u00eb Lond\u00ebr, d\u00ebnohet nga Gjykata e Puk\u00ebs me 12 vjet burg<\/em><\/li><li><strong><em>N\u00eb vitin 2015<\/em><\/strong><em> Gjyqtarja e Apelit t\u00eb Shkodr\u00ebs Marina Raboshta njollos Drejt\u00ebsin\u00eb shqiptare<\/em><\/li><li><strong><em>N\u00eb vitin 2015<\/em><\/strong><em> Dedektiv\u00ebt privat\u00eb, nga Tirana n\u00eb Lond\u00ebr p\u00ebr t\u00eb zbardhur nj\u00eb vrasje<\/em><\/li><li><strong><em>N\u00eb vitin 2015<\/em><\/strong><em> Gjyqtarja Anila Capo n\u00eb bashk\u00ebpunim me eksperten rrjep qytetar\u00ebt<\/em><\/li><li><strong><em>N\u00eb vitin 2015<\/em><\/strong><em> Prokurori Asim Puci ka lajthitur, mban n\u00eb qeli Elis Zhulatin, duke e d\u00ebmshp\u00ebrblyer me 30 mij\u00eb lek\u00eb p\u00ebr \u00e7do dit\u00eb burgu<\/em><\/li><li><strong><em>N\u00eb vitin 2015<\/em><\/strong><em> \u201cAutomotiv\u201d Vazhdon ndertimin e pallatit<\/em><\/li><li><strong><em>N\u00eb vitin 2015<\/em><\/strong><em> T\u00ebrmet n\u00eb Drejt\u00ebsi, m\u00eb shum\u00eb se 100 gjyqtar\u00eb t\u00eb korruptuar do hiqen nga puna mbas shtatorit<\/em><\/li><li><strong><em>N\u00eb vitin 2015<\/em><\/strong><em> Korrupsioni, i hoq\u00ebn mitr\u00ebn dhe trurin p\u00ebr t\u00eb zhdukur provat<\/em><\/li><li><strong><em>N\u00eb vitin 2015<\/em><\/strong><em> Banor\u00ebt e Shkodr\u00ebs n\u00eb gjyq me mafien e politik\u00ebs dhe gjyqtar\u00ebt e korruptuar<\/em><\/li><li><strong><em>N\u00eb vitin 2015<\/em><\/strong><em> Miliarderi G\u00ebzim Kalaja, kreu i mafioz\u00ebve q\u00eb rrjepin pasurin\u00eb komb\u00ebtare pa inventor<\/em><\/li><li><strong><em>N\u00eb vitin 2015<\/em><\/strong><em> Skandali i Prokuroris\u00eb s\u00eb Apelit, zbulohet skema e mashtrimit me transferimet e prokuror\u00ebve<\/em><\/li><li><strong><em>N\u00eb vitin 2016<\/em><\/strong><em> Sistemi i kalbur i Drejt\u00ebsis\u00eb sulmohet me vet\u00ebgjyq\u00ebsi, kthehet si Kanuni<\/em><\/li><li><strong><em>N\u00eb vitin 2016<\/em><\/strong><em> Nikolin Kujxhia falsifikon dokumentet e pronave dhe njer\u00ebzit q\u00eb jan\u00eb gjall\u00eb i shkroi n\u00eb regjistrin e t\u00eb vdekurve<\/em><\/li><li><strong><em>N\u00eb vitin 2016<\/em><\/strong><em> Prokuroria e Janin\u00ebs, alarm nd\u00ebrkomb\u00ebtar<\/em><\/li><li><strong><em>N\u00eb vitin 2016<\/em><\/strong><em> &#8220;Konsensusi i pamundur&#8221; i Reform\u00ebs n\u00eb Drejt\u00ebsi<\/em><\/li><li><strong><em>N\u00eb vitin 2016<\/em><\/strong><em> Tet\u00eb gjyqtar\u00ebt injorant\u00eb t\u00eb Gjykat\u00ebs s\u00eb Tiran\u00ebs, t\u00eb nxirren jasht\u00eb gjyq\u00ebsorit<\/em><\/li><li><strong><em>N\u00eb vitin 2016<\/em><\/strong><em> Peshorja e s\u00eb v\u00ebrtet\u00ebs do t\u00eb zbuloj\u00eb korrupsionin e gjyqtar\u00ebve dhe prokuror\u00ebve<\/em><\/li><li><strong><em>N\u00eb vitin 2017<\/em><\/strong><em> Ose paguaj n\u00ebn dor\u00eb, ose do kalbesh n\u00eb burg<\/em><\/li><\/ol><p><em>\u00a0<\/em><\/p>\t\t\t\t\t\t<\/div>\n\t\t\t\t<\/div>\n\t\t\t\t\t<\/div>\n\t\t\t\t<\/div>\n\t\t\t\t<\/div>\n\t\t","protected":false},"excerpt":{"rendered":"<p>HISTORIKU I SHOQAT\u00cbS N\u00eb vitin 2014 korrupsioni n\u00eb gjyq\u00ebsor N\u00eb vitin 2014 Evin Dervishi, rrugori q\u00eb I ka b\u00ebr\u00eb rrug\u00eb abuzimet N\u00eb vitin 2014 Ejona Isufaj, kryemashtruesja nd\u00ebrkombetare q\u00eb theu recorded e falsifikimit n\u00eb tre shtete N\u00eb vitin 2014 \u201chajdutet e thesarit shqiptar, nga Ahmet Zogu Enver Hoxha te Sali Berisha\u201d N\u00eb vitin 2014 Sudja<\/p>\n","protected":false},"author":1,"featured_media":0,"parent":0,"menu_order":0,"comment_status":"closed","ping_status":"closed","template":"page-templates\/no-wrapper.php","meta":{"footnotes":""},"class_list":["post-4312","page","type-page","status-publish"],"blog_post_layout_featured_media_urls":{"thumbnail":"","full":""},"categories_names":null,"comments_number":"0","_links":{"self":[{"href":"https:\/\/antikorrupsion.com\/index.php?rest_route=\/wp\/v2\/pages\/4312","targetHints":{"allow":["GET"]}}],"collection":[{"href":"https:\/\/antikorrupsion.com\/index.php?rest_route=\/wp\/v2\/pages"}],"about":[{"href":"https:\/\/antikorrupsion.com\/index.php?rest_route=\/wp\/v2\/types\/page"}],"author":[{"embeddable":true,"href":"https:\/\/antikorrupsion.com\/index.php?rest_route=\/wp\/v2\/users\/1"}],"replies":[{"embeddable":true,"href":"https:\/\/antikorrupsion.com\/index.php?rest_route=%2Fwp%2Fv2%2Fcomments&post=4312"}],"version-history":[{"count":10,"href":"https:\/\/antikorrupsion.com\/index.php?rest_route=\/wp\/v2\/pages\/4312\/revisions"}],"predecessor-version":[{"id":4417,"href":"https:\/\/antikorrupsion.com\/index.php?rest_route=\/wp\/v2\/pages\/4312\/revisions\/4417"}],"wp:attachment":[{"href":"https:\/\/antikorrupsion.com\/index.php?rest_route=%2Fwp%2Fv2%2Fmedia&parent=4312"}],"curies":[{"name":"wp","href":"https:\/\/api.w.org\/{rel}","templated":true}]}}